{"id":2197,"date":"2025-03-04T07:13:57","date_gmt":"2025-03-04T06:13:57","guid":{"rendered":"http:\/\/epmapewbk.cyon.link\/jobs\/"},"modified":"2026-05-06T05:35:53","modified_gmt":"2026-05-06T04:35:53","slug":"jobs","status":"publish","type":"page","link":"https:\/\/villa.ch\/en\/jobs\/","title":{"rendered":"Jobs"},"content":{"rendered":"<p>[et_pb_section fb_built=&#8221;1&#8243; _builder_version=&#8221;4.27.4&#8243; _module_preset=&#8221;default&#8221; background_image=&#8221;https:\/\/villa.ch\/wp-content\/uploads\/2025\/08\/eingang-backpackers-villa-interlaken-1.jpg&#8221; width=&#8221;100%&#8221; max_width=&#8221;100%&#8221; module_alignment=&#8221;center&#8221; min_height=&#8221;60vh&#8221; max_height=&#8221;60vh&#8221; custom_margin=&#8221;0px|0px|0px|0px|true|true&#8221; custom_padding=&#8221;0px|0px|0px|0px|true|true&#8221; global_colors_info=&#8221;{}&#8221;][\/et_pb_section][et_pb_section fb_built=&#8221;1&#8243; module_id=&#8221;rooms&#8221; _builder_version=&#8221;4.27.4&#8243; _module_preset=&#8221;default&#8221; width=&#8221;100%&#8221; max_width=&#8221;100%&#8221; hover_enabled=&#8221;0&#8243; global_colors_info=&#8221;{}&#8221; sticky_enabled=&#8221;0&#8243;][et_pb_row _builder_version=&#8221;4.27.4&#8243; _module_preset=&#8221;default&#8221; width=&#8221;90%&#8221; max_width=&#8221;1440px&#8221; custom_padding=&#8221;||27px|||&#8221; global_colors_info=&#8221;{}&#8221;][et_pb_column type=&#8221;4_4&#8243; _builder_version=&#8221;4.27.4&#8243; _module_preset=&#8221;default&#8221; global_colors_info=&#8221;{}&#8221;][et_pb_heading title=&#8221;Working at Backpackers Villa Sonnenhof in Interlaken&#8221; _builder_version=&#8221;4.27.4&#8243; _module_preset=&#8221;default&#8221; title_level=&#8221;h2&#8243; title_font=&#8221;Univers 65 Bold||||||||&#8221; title_text_color=&#8221;#5A7683&#8243; title_font_size=&#8221;40px&#8221; custom_margin=&#8221;0px||1%||false|false&#8221; custom_padding=&#8221;0px||0px||false|false&#8221; title_font_size_tablet=&#8221;38px&#8221; title_font_size_phone=&#8221;32px&#8221; title_font_size_last_edited=&#8221;on|desktop&#8221; global_colors_info=&#8221;{}&#8221;][\/et_pb_heading][\/et_pb_column][\/et_pb_row][et_pb_row column_structure=&#8221;2_5,3_5&#8243; _builder_version=&#8221;4.27.5&#8243; _module_preset=&#8221;default&#8221; width=&#8221;90%&#8221; max_width=&#8221;1440px&#8221; custom_padding=&#8221;||27px|||&#8221; global_colors_info=&#8221;{}&#8221;][et_pb_column type=&#8221;2_5&#8243; _builder_version=&#8221;4.27.5&#8243; _module_preset=&#8221;default&#8221; global_colors_info=&#8221;{}&#8221;][et_pb_image src=&#8221;https:\/\/villa.ch\/wp-content\/uploads\/2025\/11\/backpackers-villa-room-6.jpg&#8221; alt=&#8221;View of an 8 bed-room at Backpackers Villa Sonnenhof in Interlaken&#8221; title_text=&#8221;Hero 8-Bett-Zimmer Backpackers Villa&#8221; _builder_version=&#8221;4.27.6&#8243; _module_preset=&#8221;default&#8221; global_colors_info=&#8221;{}&#8221;][\/et_pb_image][et_pb_image src=&#8221;https:\/\/villa.ch\/wp-content\/uploads\/2025\/11\/backpackers-villa-eingangsbereich-1.jpg&#8221; alt=&#8221;Lobby at Backpackers Villa Sonnenhof in Interlaken&#8221; title_text=&#8221;Hero Lobby Backpackers Villa&#8221; _builder_version=&#8221;4.27.6&#8243; _module_preset=&#8221;default&#8221; global_colors_info=&#8221;{}&#8221;][\/et_pb_image][et_pb_image src=&#8221;https:\/\/villa.ch\/wp-content\/uploads\/2025\/11\/backpackers-villa-chillout-terrasse.jpg&#8221; alt=&#8221;Terrasse der Backpackers Villa Sonnenhof mit Blick auf die Jungfrau&#8221; title_text=&#8221;Hero Chillout Terrasse&#8221; _builder_version=&#8221;4.27.6&#8243; _module_preset=&#8221;default&#8221; global_colors_info=&#8221;{}&#8221;][\/et_pb_image][et_pb_image src=&#8221;https:\/\/villa.ch\/wp-content\/uploads\/2025\/11\/schilthorn-piz-gloria-luftbild.jpg&#8221; alt=&#8221;Luftaufnahme vom Schilthorn-Piz Gloria&#8221; title_text=&#8221;Hero Schilthorn-Piz Gloria Luftaufnahme&#8221; _builder_version=&#8221;4.27.6&#8243; _module_preset=&#8221;default&#8221; global_colors_info=&#8221;{}&#8221;][\/et_pb_image][\/et_pb_column][et_pb_column type=&#8221;3_5&#8243; _builder_version=&#8221;4.27.4&#8243; _module_preset=&#8221;default&#8221; global_colors_info=&#8221;{}&#8221;][et_pb_text ul_position=&#8221;inside&#8221; quote_border_color=&#8221;#FFD700&#8243; disabled_on=&#8221;on|on|on&#8221; _builder_version=&#8221;4.27.6&#8243; _module_preset=&#8221;default&#8221; text_font=&#8221;Univers 55 Regular||||||||&#8221; text_text_color=&#8221;#363636&#8243; text_font_size=&#8221;18px&#8221; text_line_height=&#8221;1.4em&#8221; link_font=&#8221;Univers 65 Bold||||on|||#5A7683|solid&#8221; link_text_color=&#8221;#5A7683&#8243; link_font_size=&#8221;18px&#8221; link_line_height=&#8221;1.4em&#8221; ul_text_color=&#8221;#363636&#8243; ul_font_size=&#8221;18px&#8221; ul_line_height=&#8221;1.4em&#8221; ol_text_color=&#8221;#363636&#8243; ol_font_size=&#8221;18px&#8221; ol_line_height=&#8221;1.4em&#8221; quote_text_color=&#8221;#5A7683&#8243; quote_font_size=&#8221;18px&#8221; quote_line_height=&#8221;1.4em&#8221; height_tablet=&#8221;auto&#8221; height_phone=&#8221;auto&#8221; height_last_edited=&#8221;on|phone&#8221; custom_margin=&#8221;0px||||false|false&#8221; custom_padding=&#8221;0px||||false|false&#8221; text_font_size_tablet=&#8221;18px&#8221; text_font_size_phone=&#8221;18px&#8221; text_font_size_last_edited=&#8221;on|desktop&#8221; disabled=&#8221;on&#8221; global_colors_info=&#8221;{}&#8221;]<\/p>\n<p><strong>We currently have our team complete and cannot offer any jobs.<\/strong><\/p>\n<p>Here you will find some general information about working at Backpackers Villa Sonnenhof in Interlaken. Check back from time to time\u2014if we have a job opening, it will be posted here. <\/p>\n<p>[\/et_pb_text][et_pb_text ul_position=&#8221;inside&#8221; quote_border_color=&#8221;#FFD700&#8243; disabled_on=&#8221;off|off|off&#8221; _builder_version=&#8221;4.27.6&#8243; _module_preset=&#8221;default&#8221; text_font=&#8221;Univers 55 Regular||||||||&#8221; text_text_color=&#8221;#363636&#8243; text_font_size=&#8221;18px&#8221; text_line_height=&#8221;1.4em&#8221; link_font=&#8221;Univers 65 Bold||||on|||#5A7683|solid&#8221; link_text_color=&#8221;#5A7683&#8243; link_font_size=&#8221;18px&#8221; link_line_height=&#8221;1.4em&#8221; ul_text_color=&#8221;#363636&#8243; ul_font_size=&#8221;18px&#8221; ul_line_height=&#8221;1.4em&#8221; ol_text_color=&#8221;#363636&#8243; ol_font_size=&#8221;18px&#8221; ol_line_height=&#8221;1.4em&#8221; quote_text_color=&#8221;#5A7683&#8243; quote_font_size=&#8221;18px&#8221; quote_line_height=&#8221;1.4em&#8221; height_tablet=&#8221;auto&#8221; height_phone=&#8221;auto&#8221; height_last_edited=&#8221;on|phone&#8221; custom_margin=&#8221;0px||||false|false&#8221; custom_padding=&#8221;0px||||false|false&#8221; hover_enabled=&#8221;0&#8243; text_font_size_tablet=&#8221;18px&#8221; text_font_size_phone=&#8221;18px&#8221; text_font_size_last_edited=&#8221;on|desktop&#8221; global_colors_info=&#8221;{}&#8221; sticky_enabled=&#8221;0&#8243;]<\/p>\n<p><strong>We currently recruit for our housekeeping team long-term:\u00a0<\/strong><\/p>\n<p>[\/et_pb_text][et_pb_text ul_position=&#8221;inside&#8221; quote_border_color=&#8221;#FFD700&#8243; disabled_on=&#8221;off|off|off&#8221; _builder_version=&#8221;4.27.6&#8243; _module_preset=&#8221;default&#8221; text_font=&#8221;Univers 55 Regular||||||||&#8221; text_text_color=&#8221;#363636&#8243; text_font_size=&#8221;18px&#8221; text_line_height=&#8221;1.4em&#8221; link_font=&#8221;Univers 65 Bold||||on|||#5A7683|solid&#8221; link_text_color=&#8221;#5A7683&#8243; link_font_size=&#8221;18px&#8221; link_line_height=&#8221;1.4em&#8221; ul_text_color=&#8221;#363636&#8243; ul_font_size=&#8221;18px&#8221; ul_line_height=&#8221;1.4em&#8221; ol_text_color=&#8221;#363636&#8243; ol_font_size=&#8221;18px&#8221; ol_line_height=&#8221;1.4em&#8221; quote_text_color=&#8221;#5A7683&#8243; quote_font_size=&#8221;18px&#8221; quote_line_height=&#8221;1.4em&#8221; height_tablet=&#8221;auto&#8221; height_phone=&#8221;auto&#8221; height_last_edited=&#8221;on|phone&#8221; custom_margin=&#8221;0px||||false|false&#8221; custom_padding=&#8221;0px||||false|false&#8221; hover_enabled=&#8221;0&#8243; text_font_size_tablet=&#8221;18px&#8221; text_font_size_phone=&#8221;18px&#8221; text_font_size_last_edited=&#8221;on|desktop&#8221; global_colors_info=&#8221;{}&#8221; sticky_enabled=&#8221;0&#8243;]<\/p>\n<h1>Support Housekeeping<\/h1>\n<p>[\/et_pb_text][et_pb_text ul_position=&#8221;inside&#8221; quote_border_color=&#8221;#FFD700&#8243; _builder_version=&#8221;4.27.6&#8243; _module_preset=&#8221;default&#8221; text_font=&#8221;Univers 55 Regular||||||||&#8221; text_text_color=&#8221;#363636&#8243; text_font_size=&#8221;18px&#8221; text_line_height=&#8221;1.4em&#8221; link_font=&#8221;Univers 65 Bold||||on|||#5A7683|solid&#8221; link_text_color=&#8221;#5A7683&#8243; link_font_size=&#8221;18px&#8221; link_line_height=&#8221;1.4em&#8221; ul_text_color=&#8221;#363636&#8243; ul_font_size=&#8221;18px&#8221; ul_line_height=&#8221;1.4em&#8221; ol_text_color=&#8221;#363636&#8243; ol_font_size=&#8221;18px&#8221; ol_line_height=&#8221;1.4em&#8221; quote_text_color=&#8221;#5A7683&#8243; quote_font_size=&#8221;18px&#8221; quote_line_height=&#8221;1.4em&#8221; height_tablet=&#8221;auto&#8221; height_phone=&#8221;auto&#8221; height_last_edited=&#8221;on|phone&#8221; custom_margin=&#8221;0px||||false|false&#8221; custom_padding=&#8221;0px||||false|false&#8221; hover_enabled=&#8221;0&#8243; text_font_size_tablet=&#8221;18px&#8221; text_font_size_phone=&#8221;18px&#8221; text_font_size_last_edited=&#8221;on|desktop&#8221; global_colors_info=&#8221;{}&#8221; sticky_enabled=&#8221;0&#8243;]<\/p>\n<p>You make beds, clean showers and public rooms, and give a hand where ever needed.<\/p>\n<p>You work 3-5 days a week including weekends. Working hours start at 9:30am and you stay until all work is done, usually about 3pm.<\/p>\n<p>As a hostel we have many bunk beds. If you are fit and a hard worker, happy to do parts of your workout during working hours, this might be just the job for you.<\/p>\n<p>For our team we look for upbeat people who like to serve both guests and collegues alike with a positive attitude and friendly nature.<br \/>Some German or good English is essential for this job.<\/p>\n<p>If you live in or around Interlaken and you are interested to contribute to our team&#8217;s achievements, we are looking forward to hearing from you.<br \/>Please <strong>send your application by email<\/strong> only to <a href=\"mailto:bewerbung@villa.ch\">bewerbung@villa.ch<\/a>.<\/p>\n<p>&nbsp;<\/p>\n<p>[\/et_pb_text][et_pb_text ul_position=&#8221;inside&#8221; quote_border_color=&#8221;#FFD700&#8243; _builder_version=&#8221;4.27.6&#8243; _module_preset=&#8221;default&#8221; text_font=&#8221;Univers 55 Regular||||||||&#8221; text_text_color=&#8221;#363636&#8243; text_font_size=&#8221;18px&#8221; text_line_height=&#8221;1.4em&#8221; link_font=&#8221;Univers 65 Bold||||on|||#5A7683|solid&#8221; link_text_color=&#8221;#5A7683&#8243; link_font_size=&#8221;18px&#8221; link_line_height=&#8221;1.4em&#8221; ul_text_color=&#8221;#363636&#8243; ul_font_size=&#8221;18px&#8221; ul_line_height=&#8221;1.4em&#8221; ol_text_color=&#8221;#363636&#8243; ol_font_size=&#8221;18px&#8221; ol_line_height=&#8221;1.4em&#8221; quote_text_color=&#8221;#5A7683&#8243; quote_font_size=&#8221;18px&#8221; quote_line_height=&#8221;1.4em&#8221; height_tablet=&#8221;auto&#8221; height_phone=&#8221;auto&#8221; height_last_edited=&#8221;on|phone&#8221; custom_margin=&#8221;0px||||false|false&#8221; custom_padding=&#8221;0px||||false|false&#8221; hover_enabled=&#8221;0&#8243; text_font_size_tablet=&#8221;18px&#8221; text_font_size_phone=&#8221;18px&#8221; text_font_size_last_edited=&#8221;on|desktop&#8221; global_colors_info=&#8221;{}&#8221; sticky_enabled=&#8221;0&#8243;]<\/p>\n<p><strong>General information on working at Backpackers Villa<\/strong><\/p>\n<p><strong>We always publish our vacancies here.<\/strong><\/p>\n<p>Thanks for your interest in being part of our team. Please note: we do not offer staff accommodation and volunteering is illegal in hospitality in Switzerland.<\/p>\n<p>To work at Backpackers Villa and contirbute to our team efforts, it is important to speak some German.<br \/>For reception it is fundamental to be fluent in German and speak and write perfectly. That&#8217;s why we will continue in German:<br \/>Vielen Dank f\u00fcr das Interesse, in der Backpackers Villa mitzuarbeiten.<\/p>\n<p>Liebst du Begegnungen mit Menschen aus aller Welt und freust dich auf eine neue spannende Herausforderung? In der \u00abVilla unter den Herbergen\u00bb im Herzen von Interlaken suchen wir aufgestellte Pers\u00f6nlichkeiten, welche uns darin unterst\u00fctzen, t\u00e4glich bis zu 200 G\u00e4ste (Einzelreisende und Familien) aus aller Welt gut zu beherbergen und ihnen einen unvergesslichen Aufenthalt in der Jungfrau-Region zu erm\u00f6glichen.<\/p>\n<p>F\u00fcr dich ist es kein Problem, an Wochenenden und in den Schulferienzeiten zu arbeiten. Du sch\u00e4tzt es, wenn du unter der Woche frei hast und in den Nebensaisonzeiten auf Reisen gehen kannst (dann sind auch l\u00e4ngere, ggf. unbezahlte Ferienzeiten m\u00f6glich).<\/p>\n<p>Die Backpackers Villa Sonnenhof ist ein selbst\u00e4ndiges Werk der Evangelisch-methodistischen Kirche (EMK) und es ist uns wichtig, dass du unsere Werte gem\u00e4ss des Slogans der weltweiten EMK \u00abOpen Hearts, Open Minds, Open Doors\u00bb mittragen kannst.<\/p>\n<p>[\/et_pb_text][et_pb_text ul_position=&#8221;inside&#8221; quote_border_color=&#8221;#FFD700&#8243; disabled_on=&#8221;on|on|on&#8221; _builder_version=&#8221;4.27.6&#8243; _module_preset=&#8221;default&#8221; text_font=&#8221;Univers 55 Regular||||||||&#8221; text_text_color=&#8221;#363636&#8243; text_font_size=&#8221;18px&#8221; text_line_height=&#8221;1.4em&#8221; link_font=&#8221;Univers 65 Bold||||on|||#5A7683|solid&#8221; link_text_color=&#8221;#5A7683&#8243; link_font_size=&#8221;18px&#8221; link_line_height=&#8221;1.4em&#8221; ul_text_color=&#8221;#363636&#8243; ul_font_size=&#8221;18px&#8221; ul_line_height=&#8221;1.4em&#8221; ol_text_color=&#8221;#363636&#8243; ol_font_size=&#8221;18px&#8221; ol_line_height=&#8221;1.4em&#8221; quote_text_color=&#8221;#5A7683&#8243; quote_font_size=&#8221;18px&#8221; quote_line_height=&#8221;1.4em&#8221; height_tablet=&#8221;auto&#8221; height_phone=&#8221;auto&#8221; height_last_edited=&#8221;on|phone&#8221; custom_margin=&#8221;0px||||false|false&#8221; custom_padding=&#8221;0px||||false|false&#8221; text_font_size_tablet=&#8221;18px&#8221; text_font_size_phone=&#8221;18px&#8221; text_font_size_last_edited=&#8221;on|desktop&#8221; disabled=&#8221;on&#8221; global_colors_info=&#8221;{}&#8221;]<\/p>\n<p>Schau dir unser Video an und erfahre noch mehr aus erster Hand.<\/p>\n<p>[\/et_pb_text][\/et_pb_column][\/et_pb_row][et_pb_row disabled_on=&#8221;on|on|on&#8221; _builder_version=&#8221;4.27.4&#8243; _module_preset=&#8221;default&#8221; width=&#8221;90%&#8221; max_width=&#8221;1440px&#8221; custom_padding=&#8221;||27px|||&#8221; disabled=&#8221;on&#8221; global_colors_info=&#8221;{}&#8221;][et_pb_column type=&#8221;4_4&#8243; _builder_version=&#8221;4.27.4&#8243; _module_preset=&#8221;default&#8221; global_colors_info=&#8221;{}&#8221;][et_pb_heading title=&#8221;Stellenbeschrieb&#8221; _builder_version=&#8221;4.27.4&#8243; _module_preset=&#8221;default&#8221; title_level=&#8221;h3&#8243; title_font=&#8221;Univers 65 Bold||||||||&#8221; title_text_color=&#8221;#5A7683&#8243; title_font_size=&#8221;32px&#8221; title_line_height=&#8221;1.41em&#8221; custom_margin=&#8221;||0px||false|false&#8221; custom_padding=&#8221;||0px||false|false&#8221; title_font_size_tablet=&#8221;30px&#8221; title_font_size_phone=&#8221;28px&#8221; title_font_size_last_edited=&#8221;on|desktop&#8221; global_colors_info=&#8221;{}&#8221;][\/et_pb_heading][et_pb_button button_url=&#8221;\/buchung&#8221; button_text=&#8221;Download Stelleninserat&#8221; _builder_version=&#8221;4.27.4&#8243; _module_preset=&#8221;default&#8221; custom_button=&#8221;on&#8221; button_text_size=&#8221;18px&#8221; button_text_color=&#8221;#5A7683&#8243; button_bg_color=&#8221;#FFD700&#8243; button_border_width=&#8221;1px&#8221; button_border_color=&#8221;#FFD700&#8243; button_font=&#8221;Univers 65 Bold||||||||&#8221; button_icon=&#8221;&#x24;||divi||400&#8243; custom_padding=&#8221;5px||1px||false|false&#8221; global_colors_info=&#8221;{}&#8221; button_text_color__hover_enabled=&#8221;on|desktop&#8221; button_text_color__hover=&#8221;#FFD700&#8243; button_bg_color__hover_enabled=&#8221;on|desktop&#8221; button_bg_color__hover=&#8221;#5A7683&#8243; button_bg_enable_color__hover=&#8221;on&#8221; button_border_color__hover_enabled=&#8221;on|desktop&#8221; button_border_color__hover=&#8221;#5A7683&#8243;][\/et_pb_button][\/et_pb_column][\/et_pb_row][\/et_pb_section]<\/p>\n","protected":false},"excerpt":{"rendered":"<p>We currently have our team complete and cannot offer any jobs. Here you will find some general information about working at Backpackers Villa Sonnenhof in Interlaken. Check back from time to time\u2014if we have a job opening, it will be posted here. We currently recruit for our housekeeping team long-term:\u00a0Support HousekeepingYou make beds, clean showers [&hellip;]<\/p>\n","protected":false},"author":1,"featured_media":0,"parent":0,"menu_order":0,"comment_status":"closed","ping_status":"closed","template":"","meta":{"_et_pb_use_builder":"on","_et_pb_old_content":"","_et_gb_content_width":"","footnotes":""},"class_list":["post-2197","page","type-page","status-publish","hentry"],"_links":{"self":[{"href":"https:\/\/villa.ch\/en\/wp-json\/wp\/v2\/pages\/2197","targetHints":{"allow":["GET"]}}],"collection":[{"href":"https:\/\/villa.ch\/en\/wp-json\/wp\/v2\/pages"}],"about":[{"href":"https:\/\/villa.ch\/en\/wp-json\/wp\/v2\/types\/page"}],"author":[{"embeddable":true,"href":"https:\/\/villa.ch\/en\/wp-json\/wp\/v2\/users\/1"}],"replies":[{"embeddable":true,"href":"https:\/\/villa.ch\/en\/wp-json\/wp\/v2\/comments?post=2197"}],"version-history":[{"count":30,"href":"https:\/\/villa.ch\/en\/wp-json\/wp\/v2\/pages\/2197\/revisions"}],"predecessor-version":[{"id":2805,"href":"https:\/\/villa.ch\/en\/wp-json\/wp\/v2\/pages\/2197\/revisions\/2805"}],"wp:attachment":[{"href":"https:\/\/villa.ch\/en\/wp-json\/wp\/v2\/media?parent=2197"}],"curies":[{"name":"wp","href":"https:\/\/api.w.org\/{rel}","templated":true}]}}