{"id":29,"date":"2025-03-04T07:13:57","date_gmt":"2025-03-04T07:13:57","guid":{"rendered":"http:\/\/epmapewbk.cyon.link\/?page_id=29"},"modified":"2026-05-12T13:07:00","modified_gmt":"2026-05-12T12:07:00","slug":"jobs","status":"publish","type":"page","link":"https:\/\/villa.ch\/de\/jobs\/","title":{"rendered":"Jobs"},"content":{"rendered":"<p>[et_pb_section fb_built=&#8220;1&#8243; _builder_version=&#8220;4.27.4&#8243; _module_preset=&#8220;default&#8220; background_image=&#8220;https:\/\/villa.ch\/wp-content\/uploads\/2025\/08\/eingang-backpackers-villa-interlaken-1.jpg&#8220; width=&#8220;100%&#8220; max_width=&#8220;100%&#8220; module_alignment=&#8220;center&#8220; min_height=&#8220;60vh&#8220; max_height=&#8220;60vh&#8220; custom_margin=&#8220;0px|0px|0px|0px|true|true&#8220; custom_padding=&#8220;0px|0px|0px|0px|true|true&#8220; global_colors_info=&#8220;{}&#8220;][\/et_pb_section][et_pb_section fb_built=&#8220;1&#8243; module_id=&#8220;rooms&#8220; _builder_version=&#8220;4.27.4&#8243; _module_preset=&#8220;default&#8220; width=&#8220;100%&#8220; max_width=&#8220;100%&#8220; global_colors_info=&#8220;{}&#8220;][et_pb_row _builder_version=&#8220;4.27.4&#8243; _module_preset=&#8220;default&#8220; width=&#8220;90%&#8220; max_width=&#8220;1440px&#8220; custom_padding=&#8220;||27px|||&#8220; global_colors_info=&#8220;{}&#8220;][et_pb_column type=&#8220;4_4&#8243; _builder_version=&#8220;4.27.4&#8243; _module_preset=&#8220;default&#8220; global_colors_info=&#8220;{}&#8220;][et_pb_heading title=&#8220;Arbeiten in der Backpackers Villa Sonnenhof in Interlaken&#8220; _builder_version=&#8220;4.27.6&#8243; _module_preset=&#8220;default&#8220; title_level=&#8220;h2&#8243; title_font=&#8220;Univers 65 Bold||||||||&#8220; title_text_color=&#8220;#5A7683&#8243; title_font_size=&#8220;40px&#8220; custom_margin=&#8220;0px||1%||false|false&#8220; custom_padding=&#8220;0px||0px||false|false&#8220; title_font_size_tablet=&#8220;38px&#8220; title_font_size_phone=&#8220;32px&#8220; title_font_size_last_edited=&#8220;on|desktop&#8220; global_colors_info=&#8220;{}&#8220;][\/et_pb_heading][\/et_pb_column][\/et_pb_row][et_pb_row column_structure=&#8220;2_5,3_5&#8243; _builder_version=&#8220;4.27.5&#8243; _module_preset=&#8220;default&#8220; width=&#8220;90%&#8220; max_width=&#8220;1440px&#8220; custom_padding=&#8220;||27px|||&#8220; global_colors_info=&#8220;{}&#8220;][et_pb_column type=&#8220;2_5&#8243; _builder_version=&#8220;4.27.5&#8243; _module_preset=&#8220;default&#8220; global_colors_info=&#8220;{}&#8220;][et_pb_image src=&#8220;https:\/\/villa.ch\/wp-content\/uploads\/2025\/11\/backpackers-villa-room-6.jpg&#8220; alt=&#8220;View of an 8 bed-room at Backpackers Villa Sonnenhof in Interlaken&#8220; title_text=&#8220;Hero 8-Bett-Zimmer Backpackers Villa&#8220; _builder_version=&#8220;4.27.6&#8243; _module_preset=&#8220;default&#8220; global_colors_info=&#8220;{}&#8220;][\/et_pb_image][et_pb_image src=&#8220;https:\/\/villa.ch\/wp-content\/uploads\/2025\/11\/backpackers-villa-eingangsbereich-1.jpg&#8220; alt=&#8220;Lobby at Backpackers Villa Sonnenhof in Interlaken&#8220; title_text=&#8220;Hero Lobby Backpackers Villa&#8220; _builder_version=&#8220;4.27.6&#8243; _module_preset=&#8220;default&#8220; global_colors_info=&#8220;{}&#8220;][\/et_pb_image][et_pb_image src=&#8220;https:\/\/villa.ch\/wp-content\/uploads\/2025\/11\/backpackers-villa-chillout-terrasse.jpg&#8220; alt=&#8220;Terrasse der Backpackers Villa Sonnenhof mit Blick auf die Jungfrau&#8220; title_text=&#8220;Hero Chillout Terrasse&#8220; _builder_version=&#8220;4.27.6&#8243; _module_preset=&#8220;default&#8220; global_colors_info=&#8220;{}&#8220;][\/et_pb_image][et_pb_image src=&#8220;https:\/\/villa.ch\/wp-content\/uploads\/2025\/11\/schilthorn-piz-gloria-luftbild.jpg&#8220; alt=&#8220;Luftaufnahme vom Schilthorn-Piz Gloria&#8220; title_text=&#8220;Hero Schilthorn-Piz Gloria Luftaufnahme&#8220; _builder_version=&#8220;4.27.6&#8243; _module_preset=&#8220;default&#8220; global_colors_info=&#8220;{}&#8220;][\/et_pb_image][\/et_pb_column][et_pb_column type=&#8220;3_5&#8243; _builder_version=&#8220;4.27.4&#8243; _module_preset=&#8220;default&#8220; global_colors_info=&#8220;{}&#8220;][et_pb_text ul_position=&#8220;inside&#8220; quote_border_color=&#8220;#FFD700&#8243; disabled_on=&#8220;on|on|on&#8220; _builder_version=&#8220;4.27.6&#8243; _module_preset=&#8220;default&#8220; text_font=&#8220;Univers 55 Regular||||||||&#8220; text_text_color=&#8220;#363636&#8243; text_font_size=&#8220;18px&#8220; text_line_height=&#8220;1.4em&#8220; link_font=&#8220;Univers 65 Bold||||on|||#5A7683|solid&#8220; link_text_color=&#8220;#5A7683&#8243; link_font_size=&#8220;18px&#8220; link_line_height=&#8220;1.4em&#8220; ul_text_color=&#8220;#363636&#8243; ul_font_size=&#8220;18px&#8220; ul_line_height=&#8220;1.4em&#8220; ol_text_color=&#8220;#363636&#8243; ol_font_size=&#8220;18px&#8220; ol_line_height=&#8220;1.4em&#8220; quote_text_color=&#8220;#5A7683&#8243; quote_font_size=&#8220;18px&#8220; quote_line_height=&#8220;1.4em&#8220; height_tablet=&#8220;auto&#8220; height_phone=&#8220;auto&#8220; height_last_edited=&#8220;on|phone&#8220; custom_margin=&#8220;0px||||false|false&#8220; custom_padding=&#8220;0px||||false|false&#8220; text_font_size_tablet=&#8220;18px&#8220; text_font_size_phone=&#8220;18px&#8220; text_font_size_last_edited=&#8220;on|desktop&#8220; disabled=&#8220;on&#8220; global_colors_info=&#8220;{}&#8220;]<\/p>\n<p><strong>Unser Team ist komplett und wir suchen zur Zeit keine weiteren Mitarbeitenden.<\/strong><\/p>\n<p>Auf dieser Seite bieten wir dir allgemeine Informationen zum Arbeiten in der Backpackers Villa. Schau immer mal wieder vorbei, wenn wir eine Stelle offen haben, wird sie hier publiziert.<\/p>\n<p>[\/et_pb_text][et_pb_text ul_position=&#8220;inside&#8220; quote_border_color=&#8220;#FFD700&#8243; disabled_on=&#8220;off|off|off&#8220; _builder_version=&#8220;4.27.6&#8243; _module_preset=&#8220;default&#8220; text_font=&#8220;Univers 55 Regular||||||||&#8220; text_text_color=&#8220;#363636&#8243; text_font_size=&#8220;18px&#8220; text_line_height=&#8220;1.4em&#8220; link_font=&#8220;Univers 65 Bold||||on|||#5A7683|solid&#8220; link_text_color=&#8220;#5A7683&#8243; link_font_size=&#8220;18px&#8220; link_line_height=&#8220;1.4em&#8220; ul_text_color=&#8220;#363636&#8243; ul_font_size=&#8220;18px&#8220; ul_line_height=&#8220;1.4em&#8220; ol_text_color=&#8220;#363636&#8243; ol_font_size=&#8220;18px&#8220; ol_line_height=&#8220;1.4em&#8220; quote_text_color=&#8220;#5A7683&#8243; quote_font_size=&#8220;18px&#8220; quote_line_height=&#8220;1.4em&#8220; height_tablet=&#8220;auto&#8220; height_phone=&#8220;auto&#8220; height_last_edited=&#8220;on|phone&#8220; custom_margin=&#8220;0px||||false|false&#8220; custom_padding=&#8220;0px||||false|false&#8220; text_font_size_tablet=&#8220;18px&#8220; text_font_size_phone=&#8220;18px&#8220; text_font_size_last_edited=&#8220;on|desktop&#8220; global_colors_info=&#8220;{}&#8220;]<\/p>\n<p><strong>Momentan haben wir im Housekeeping folgende Jahresstelle zu besetzen:\u00a0<\/strong><\/p>\n<p>[\/et_pb_text][et_pb_heading title=&#8220;Mitarbeiter\/-in Hauswirtschaft&#8220; _builder_version=&#8220;4.27.6&#8243; _module_preset=&#8220;default&#8220; title_level=&#8220;h3&#8243; title_font=&#8220;Univers 65 Bold||||||||&#8220; title_text_color=&#8220;#5A7683&#8243; title_font_size=&#8220;32px&#8220; title_line_height=&#8220;1.41em&#8220; custom_margin=&#8220;0px||||false|false&#8220; custom_padding=&#8220;0px||||false|false&#8220; hover_enabled=&#8220;0&#8243; title_font_size_tablet=&#8220;30px&#8220; title_font_size_phone=&#8220;28px&#8220; title_font_size_last_edited=&#8220;on|desktop&#8220; global_colors_info=&#8220;{}&#8220; sticky_enabled=&#8220;0&#8243;][\/et_pb_heading][et_pb_text ul_position=&#8220;inside&#8220; quote_border_color=&#8220;#FFD700&#8243; _builder_version=&#8220;4.27.6&#8243; _module_preset=&#8220;default&#8220; text_font=&#8220;Univers 55 Regular||||||||&#8220; text_text_color=&#8220;#363636&#8243; text_font_size=&#8220;18px&#8220; text_line_height=&#8220;1.4em&#8220; link_font=&#8220;Univers 65 Bold||||on|||#5A7683|solid&#8220; link_text_color=&#8220;#5A7683&#8243; link_font_size=&#8220;18px&#8220; link_line_height=&#8220;1.4em&#8220; ul_text_color=&#8220;#363636&#8243; ul_font_size=&#8220;18px&#8220; ul_line_height=&#8220;1.4em&#8220; ol_text_color=&#8220;#363636&#8243; ol_font_size=&#8220;18px&#8220; ol_line_height=&#8220;1.4em&#8220; quote_text_color=&#8220;#5A7683&#8243; quote_font_size=&#8220;18px&#8220; quote_line_height=&#8220;1.4em&#8220; height_tablet=&#8220;auto&#8220; height_phone=&#8220;auto&#8220; height_last_edited=&#8220;on|phone&#8220; custom_margin=&#8220;0px||||false|false&#8220; custom_padding=&#8220;0px||||false|false&#8220; text_font_size_tablet=&#8220;18px&#8220; text_font_size_phone=&#8220;18px&#8220; text_font_size_last_edited=&#8220;on|desktop&#8220; global_colors_info=&#8220;{}&#8220;]<\/p>\n<p>Du machst Betten, reinigst Duschen und Gemeinschaftsr\u00e4ume und hilfst \u00fcberall dort mit, wo gerade Bedarf besteht.<\/p>\n<p>Du arbeitest 3\u20135 Tage pro Woche, einschliesslich der Wochenenden. Die Arbeitszeit beginnt um 9:30 Uhr und du bleibst so lange, bis alle Aufgaben erledigt sind, in der Regel bis etwa 15:00 Uhr.<\/p>\n<p>Als Hostel verf\u00fcgen wir \u00fcber viele Etagenbetten. Wenn du fit und fleissig bist und gerne einen Teil deines Trainings w\u00e4hrend der Arbeitszeit absolvierst, k\u00f6nnte dies genau der richtige Job f\u00fcr dich sein.<\/p>\n<p>F\u00fcr unser Team suchen wir fr\u00f6hliche Menschen, die gerne sowohl G\u00e4sten als auch Kollegen mit einer positiven Einstellung und freundlichem Wesen begegnen.<br \/>Grundkenntnisse in Deutsch oder gute Englischkenntnisse sind f\u00fcr diese Stelle unerl\u00e4sslich.<\/p>\n<p>Wenn du in oder um Interlaken wohnst und daran interessiert bist, zum Erfolg unseres Teams beizutragen, freuen wir uns darauf, von dir zu h\u00f6ren.<br \/><strong>Bitte sende deine Bewerbung ausschliesslich per E-Mail an<\/strong> <a href=\"mailto:bewerbung@villa.ch\">bewerbung@villa.ch<\/a>.<\/p>\n<p>[\/et_pb_text][et_pb_text ul_position=&#8220;inside&#8220; quote_border_color=&#8220;#FFD700&#8243; _builder_version=&#8220;4.27.6&#8243; _module_preset=&#8220;default&#8220; text_font=&#8220;Univers 55 Regular||||||||&#8220; text_text_color=&#8220;#363636&#8243; text_font_size=&#8220;18px&#8220; text_line_height=&#8220;1.4em&#8220; link_font=&#8220;Univers 65 Bold||||on|||#5A7683|solid&#8220; link_text_color=&#8220;#5A7683&#8243; link_font_size=&#8220;18px&#8220; link_line_height=&#8220;1.4em&#8220; ul_text_color=&#8220;#363636&#8243; ul_font_size=&#8220;18px&#8220; ul_line_height=&#8220;1.4em&#8220; ol_text_color=&#8220;#363636&#8243; ol_font_size=&#8220;18px&#8220; ol_line_height=&#8220;1.4em&#8220; quote_text_color=&#8220;#5A7683&#8243; quote_font_size=&#8220;18px&#8220; quote_line_height=&#8220;1.4em&#8220; height_tablet=&#8220;auto&#8220; height_phone=&#8220;auto&#8220; height_last_edited=&#8220;on|phone&#8220; custom_margin=&#8220;0px||||false|false&#8220; custom_padding=&#8220;0px||||false|false&#8220; text_font_size_tablet=&#8220;18px&#8220; text_font_size_phone=&#8220;18px&#8220; text_font_size_last_edited=&#8220;on|desktop&#8220; global_colors_info=&#8220;{}&#8220;]<\/p>\n<p><strong>Allgemeine Informationen zur Backpackers Villa als Arbeitgeberin<\/strong><\/p>\n<p><strong>Unsere Stellenangebote werden immer hier auf der Website publiziert.<\/strong><\/p>\n<p>Vielen Dank f\u00fcr dein Interesse, Teil unseres Teams zu werden. Bitte beachte: Wir bieten keine Mitarbeiterunterk\u00fcnfte an, und Freiwilligenarbeit ist im Gastgewerbe in der Schweiz nicht zul\u00e4ssig.<\/p>\n<p>Vielen Dank f\u00fcr das Interesse, in der Backpackers Villa mitzuarbeiten.<\/p>\n<p>Liebst du Begegnungen mit Menschen aus aller Welt und freust dich auf eine neue spannende Herausforderung? In der \u00abVilla unter den Herbergen\u00bb im Herzen von Interlaken suchen wir aufgestellte Pers\u00f6nlichkeiten, welche uns darin unterst\u00fctzen, t\u00e4glich bis zu 200 G\u00e4ste (Einzelreisende und Familien) aus aller Welt gut zu beherbergen und ihnen einen unvergesslichen Aufenthalt in der Jungfrau-Region zu erm\u00f6glichen.<\/p>\n<p>F\u00fcr dich ist es kein Problem, an Wochenenden und in den Schulferienzeiten zu arbeiten. Du sch\u00e4tzt es, wenn du unter der Woche frei hast und in den Nebensaisonzeiten auf Reisen gehen kannst (dann sind auch l\u00e4ngere, ggf. unbezahlte Ferienzeiten m\u00f6glich).<\/p>\n<p>Die Backpackers Villa Sonnenhof ist ein selbst\u00e4ndiges Werk der Evangelisch-methodistischen Kirche (EMK) und es ist uns wichtig, dass du unsere Werte gem\u00e4ss des Slogans der weltweiten EMK \u00abOpen Hearts, Open Minds, Open Doors\u00bb mittragen kannst.<\/p>\n<p>[\/et_pb_text][et_pb_text ul_position=&#8220;inside&#8220; quote_border_color=&#8220;#FFD700&#8243; disabled_on=&#8220;on|on|on&#8220; _builder_version=&#8220;4.27.6&#8243; _module_preset=&#8220;default&#8220; text_font=&#8220;Univers 55 Regular||||||||&#8220; text_text_color=&#8220;#363636&#8243; text_font_size=&#8220;18px&#8220; text_line_height=&#8220;1.4em&#8220; link_font=&#8220;Univers 65 Bold||||on|||#5A7683|solid&#8220; link_text_color=&#8220;#5A7683&#8243; link_font_size=&#8220;18px&#8220; link_line_height=&#8220;1.4em&#8220; ul_text_color=&#8220;#363636&#8243; ul_font_size=&#8220;18px&#8220; ul_line_height=&#8220;1.4em&#8220; ol_text_color=&#8220;#363636&#8243; ol_font_size=&#8220;18px&#8220; ol_line_height=&#8220;1.4em&#8220; quote_text_color=&#8220;#5A7683&#8243; quote_font_size=&#8220;18px&#8220; quote_line_height=&#8220;1.4em&#8220; height_tablet=&#8220;auto&#8220; height_phone=&#8220;auto&#8220; height_last_edited=&#8220;on|phone&#8220; custom_margin=&#8220;0px||||false|false&#8220; custom_padding=&#8220;0px||||false|false&#8220; text_font_size_tablet=&#8220;18px&#8220; text_font_size_phone=&#8220;18px&#8220; text_font_size_last_edited=&#8220;on|desktop&#8220; disabled=&#8220;on&#8220; global_colors_info=&#8220;{}&#8220;]<\/p>\n<p>Schau dir unser Video an und erfahre noch mehr aus erster Hand.<\/p>\n<p>[\/et_pb_text][\/et_pb_column][\/et_pb_row][et_pb_row disabled_on=&#8220;on|on|on&#8220; _builder_version=&#8220;4.27.4&#8243; _module_preset=&#8220;default&#8220; width=&#8220;90%&#8220; max_width=&#8220;1440px&#8220; custom_padding=&#8220;||27px|||&#8220; disabled=&#8220;on&#8220; global_colors_info=&#8220;{}&#8220;][et_pb_column type=&#8220;4_4&#8243; _builder_version=&#8220;4.27.4&#8243; _module_preset=&#8220;default&#8220; global_colors_info=&#8220;{}&#8220;][et_pb_heading title=&#8220;Stellenbeschrieb&#8220; _builder_version=&#8220;4.27.4&#8243; _module_preset=&#8220;default&#8220; title_level=&#8220;h3&#8243; title_font=&#8220;Univers 65 Bold||||||||&#8220; title_text_color=&#8220;#5A7683&#8243; title_font_size=&#8220;32px&#8220; title_line_height=&#8220;1.41em&#8220; custom_margin=&#8220;||0px||false|false&#8220; custom_padding=&#8220;||0px||false|false&#8220; title_font_size_tablet=&#8220;30px&#8220; title_font_size_phone=&#8220;28px&#8220; title_font_size_last_edited=&#8220;on|desktop&#8220; global_colors_info=&#8220;{}&#8220;][\/et_pb_heading][et_pb_button button_url=&#8220;\/buchung&#8220; button_text=&#8220;Download Stelleninserat&#8220; _builder_version=&#8220;4.27.4&#8243; _module_preset=&#8220;default&#8220; custom_button=&#8220;on&#8220; button_text_size=&#8220;18px&#8220; button_text_color=&#8220;#5A7683&#8243; button_bg_color=&#8220;#FFD700&#8243; button_border_width=&#8220;1px&#8220; button_border_color=&#8220;#FFD700&#8243; button_font=&#8220;Univers 65 Bold||||||||&#8220; button_icon=&#8220;&#x24;||divi||400&#8243; custom_padding=&#8220;5px||1px||false|false&#8220; global_colors_info=&#8220;{}&#8220; button_text_color__hover_enabled=&#8220;on|desktop&#8220; button_text_color__hover=&#8220;#FFD700&#8243; button_bg_color__hover_enabled=&#8220;on|desktop&#8220; button_bg_color__hover=&#8220;#5A7683&#8243; button_bg_enable_color__hover=&#8220;on&#8220; button_border_color__hover_enabled=&#8220;on|desktop&#8220; button_border_color__hover=&#8220;#5A7683&#8243;][\/et_pb_button][\/et_pb_column][\/et_pb_row][\/et_pb_section]<\/p>\n","protected":false},"excerpt":{"rendered":"<p>Unser Team ist komplett und wir suchen zur Zeit keine weiteren Mitarbeitenden. Auf dieser Seite bieten wir dir allgemeine Informationen zum Arbeiten in der Backpackers Villa. Schau immer mal wieder vorbei, wenn wir eine Stelle offen haben, wird sie hier publiziert.Momentan haben wir im Housekeeping folgende Jahresstelle zu besetzen:\u00a0Du machst Betten, reinigst Duschen und Gemeinschaftsr\u00e4ume [&hellip;]<\/p>\n","protected":false},"author":1,"featured_media":0,"parent":0,"menu_order":0,"comment_status":"closed","ping_status":"closed","template":"","meta":{"_et_pb_use_builder":"on","_et_pb_old_content":"","_et_gb_content_width":"","footnotes":""},"class_list":["post-29","page","type-page","status-publish","hentry"],"_links":{"self":[{"href":"https:\/\/villa.ch\/de\/wp-json\/wp\/v2\/pages\/29","targetHints":{"allow":["GET"]}}],"collection":[{"href":"https:\/\/villa.ch\/de\/wp-json\/wp\/v2\/pages"}],"about":[{"href":"https:\/\/villa.ch\/de\/wp-json\/wp\/v2\/types\/page"}],"author":[{"embeddable":true,"href":"https:\/\/villa.ch\/de\/wp-json\/wp\/v2\/users\/1"}],"replies":[{"embeddable":true,"href":"https:\/\/villa.ch\/de\/wp-json\/wp\/v2\/comments?post=29"}],"version-history":[{"count":30,"href":"https:\/\/villa.ch\/de\/wp-json\/wp\/v2\/pages\/29\/revisions"}],"predecessor-version":[{"id":2849,"href":"https:\/\/villa.ch\/de\/wp-json\/wp\/v2\/pages\/29\/revisions\/2849"}],"wp:attachment":[{"href":"https:\/\/villa.ch\/de\/wp-json\/wp\/v2\/media?parent=29"}],"curies":[{"name":"wp","href":"https:\/\/api.w.org\/{rel}","templated":true}]}}