{"id":2337,"date":"2026-02-20T06:40:20","date_gmt":"2026-02-20T06:40:20","guid":{"rendered":"http:\/\/epmapewbk.cyon.link\/?page_id=2337"},"modified":"2026-04-14T07:01:08","modified_gmt":"2026-04-14T06:01:08","slug":"danke-gruppen","status":"publish","type":"page","link":"https:\/\/villa.ch\/de\/danke-gruppen\/","title":{"rendered":"Danke f\u00fcr deine Anfrage"},"content":{"rendered":"<p>[et_pb_section fb_built=&#8220;1&#8243; _builder_version=&#8220;4.27.5&#8243; _module_preset=&#8220;default&#8220; background_image=&#8220;https:\/\/villa.ch\/wp-content\/uploads\/2025\/07\/paragliding-beatenberg-thunersee-sommer_Mike-Kaufmann-scaled.jpg&#8220; background_position=&#8220;bottom_center&#8220; background_vertical_offset=&#8220;50%&#8220; width=&#8220;100%&#8220; max_width=&#8220;100%&#8220; module_alignment=&#8220;center&#8220; min_height=&#8220;60vh&#8220; max_height=&#8220;60vh&#8220; custom_margin=&#8220;0px|0px|0px|0px|true|true&#8220; custom_padding=&#8220;0px|0px|0px|0px|true|true&#8220; global_colors_info=&#8220;{}&#8220;][et_pb_row disabled_on=&#8220;on|on|off&#8220; admin_label=&#8220;Button Booking&#8220; module_class=&#8220;icons-inline&#8220; _builder_version=&#8220;4.27.4&#8243; _module_preset=&#8220;default&#8220; background_color=&#8220;#FFD700&#8243; position_origin_a=&#8220;center_right&#8220; z_index=&#8220;500&#8243; width=&#8220;13%&#8220; max_width=&#8220;13%&#8220; module_alignment=&#8220;right&#8220; overflow-y=&#8220;scroll&#8220; custom_margin=&#8220;0px|0px|0px||false|false&#8220; custom_padding=&#8220;5px|0px|5px||false|false&#8220; sticky_position=&#8220;top&#8220; sticky_offset_top=&#8220;40%&#8220; custom_css_main_element=&#8220;justify-content: flex-end;&#8220; border_radii=&#8220;off|4px|||4px&#8220; border_color_all=&#8220;#FFD700&#8243; saved_tabs=&#8220;all&#8220; locked=&#8220;off&#8220; global_colors_info=&#8220;{}&#8220;][et_pb_column type=&#8220;4_4&#8243; _builder_version=&#8220;4.27.4&#8243; _module_preset=&#8220;default&#8220; global_colors_info=&#8220;{}&#8220;][et_pb_button button_url=&#8220;https:\/\/villa.ch\/buchen\/&#8220; button_text=&#8220;Jetzt buchen&#8220; button_alignment=&#8220;left&#8220; _builder_version=&#8220;4.27.4&#8243; _module_preset=&#8220;default&#8220; custom_button=&#8220;on&#8220; button_text_size=&#8220;24px&#8220; button_text_color=&#8220;#5A7683&#8243; button_bg_color=&#8220;#FFD700&#8243; button_border_width=&#8220;0px&#8220; button_border_radius=&#8220;0px&#8220; button_font=&#8220;Univers 65 Bold||||||||&#8220; button_icon=&#8220;&#xe07e;||divi||400&#8243; button_icon_color=&#8220;#5A7683&#8243; custom_margin=&#8220;2px||||false|false&#8220; custom_padding=&#8220;||||false|false&#8220; global_colors_info=&#8220;{}&#8220; button_bg_color__hover_enabled=&#8220;on|desktop&#8220; button_icon_color__hover_enabled=&#8220;on|desktop&#8220; button_bg_color__hover=&#8220;#FFD700&#8243; button_bg_enable_color__hover=&#8220;on&#8220; button_icon_color__hover=&#8220;#5A7683&#8243;][\/et_pb_button][\/et_pb_column][\/et_pb_row][\/et_pb_section][et_pb_section fb_built=&#8220;1&#8243; module_id=&#8220;rooms&#8220; _builder_version=&#8220;4.27.4&#8243; _module_preset=&#8220;default&#8220; width=&#8220;100%&#8220; max_width=&#8220;100%&#8220; global_colors_info=&#8220;{}&#8220;][et_pb_row _builder_version=&#8220;4.27.4&#8243; _module_preset=&#8220;default&#8220; width=&#8220;90%&#8220; max_width=&#8220;1440px&#8220; custom_padding=&#8220;||27px|||&#8220; global_colors_info=&#8220;{}&#8220;][et_pb_column type=&#8220;4_4&#8243; _builder_version=&#8220;4.27.4&#8243; _module_preset=&#8220;default&#8220; global_colors_info=&#8220;{}&#8220;][et_pb_heading title=&#8220;Vielen Dank f\u00fcr deine Anfrage&#8220; _builder_version=&#8220;4.27.5&#8243; _module_preset=&#8220;default&#8220; title_level=&#8220;h2&#8243; title_font=&#8220;Univers 65 Bold||||||||&#8220; title_text_color=&#8220;#5A7683&#8243; title_font_size=&#8220;40px&#8220; custom_margin=&#8220;0px||1%||false|false&#8220; custom_padding=&#8220;0px||0px||false|false&#8220; title_font_size_tablet=&#8220;38px&#8220; title_font_size_phone=&#8220;32px&#8220; title_font_size_last_edited=&#8220;on|desktop&#8220; global_colors_info=&#8220;{}&#8220;][\/et_pb_heading][et_pb_text ul_position=&#8220;inside&#8220; quote_border_color=&#8220;#FFD700&#8243; _builder_version=&#8220;4.27.5&#8243; _module_preset=&#8220;default&#8220; text_font=&#8220;Univers 55 Regular||||||||&#8220; text_text_color=&#8220;#363636&#8243; text_font_size=&#8220;18px&#8220; text_line_height=&#8220;1.4em&#8220; link_font=&#8220;Univers 65 Bold||||on|||#5A7683|solid&#8220; link_text_color=&#8220;#5A7683&#8243; link_font_size=&#8220;18px&#8220; link_line_height=&#8220;1.4em&#8220; ul_text_color=&#8220;#363636&#8243; ul_font_size=&#8220;18px&#8220; ul_line_height=&#8220;1.4em&#8220; ol_text_color=&#8220;#363636&#8243; ol_font_size=&#8220;18px&#8220; ol_line_height=&#8220;1.4em&#8220; quote_text_color=&#8220;#5A7683&#8243; quote_font_size=&#8220;18px&#8220; quote_line_height=&#8220;1.4em&#8220; height_tablet=&#8220;auto&#8220; height_phone=&#8220;auto&#8220; height_last_edited=&#8220;on|phone&#8220; custom_margin=&#8220;0px||||false|false&#8220; custom_padding=&#8220;0px||||false|false&#8220; text_font_size_tablet=&#8220;18px&#8220; text_font_size_phone=&#8220;18px&#8220; text_font_size_last_edited=&#8220;on|desktop&#8220; global_colors_info=&#8220;{}&#8220;]<\/p>\n<p>Wir haben deine Anfrage erhalten und werden uns so rasch wie m\u00f6glich bei dir melden.<\/p>\n<p>[\/et_pb_text][et_pb_text ul_position=&#8220;inside&#8220; quote_border_color=&#8220;#FFD700&#8243; _builder_version=&#8220;4.27.6&#8243; _module_preset=&#8220;default&#8220; text_font=&#8220;Univers 55 Regular||||||||&#8220; text_text_color=&#8220;#363636&#8243; text_font_size=&#8220;18px&#8220; text_line_height=&#8220;1.4em&#8220; link_font=&#8220;Univers 65 Bold||||on|||#5A7683|solid&#8220; link_text_color=&#8220;#5A7683&#8243; link_font_size=&#8220;18px&#8220; link_line_height=&#8220;1.4em&#8220; ul_text_color=&#8220;#363636&#8243; ul_font_size=&#8220;18px&#8220; ul_line_height=&#8220;1.4em&#8220; ol_text_color=&#8220;#363636&#8243; ol_font_size=&#8220;18px&#8220; ol_line_height=&#8220;1.4em&#8220; quote_text_color=&#8220;#5A7683&#8243; quote_font_size=&#8220;18px&#8220; quote_line_height=&#8220;1.4em&#8220; height_tablet=&#8220;auto&#8220; height_phone=&#8220;auto&#8220; height_last_edited=&#8220;on|phone&#8220; custom_margin=&#8220;0px||||false|false&#8220; custom_padding=&#8220;0px||||false|false&#8220; hover_enabled=&#8220;0&#8243; text_font_size_tablet=&#8220;18px&#8220; text_font_size_phone=&#8220;18px&#8220; text_font_size_last_edited=&#8220;on|desktop&#8220; global_colors_info=&#8220;{}&#8220; sticky_enabled=&#8220;0&#8243;]<\/p>\n<p>Wir freuen uns, dich in der Backpackers Villa in Interlaken begr\u00fcssen zu d\u00fcrfen.<\/p>\n<p>[\/et_pb_text][et_pb_button button_url=&#8220;@ET-DC@eyJkeW5hbWljIjp0cnVlLCJjb250ZW50IjoiaG9tZV91cmwiLCJzZXR0aW5ncyI6e319@&#8220; button_text=&#8220;Zur Startseite&#8220; _builder_version=&#8220;4.27.5&#8243; _dynamic_attributes=&#8220;button_url&#8220; _module_preset=&#8220;default&#8220; custom_button=&#8220;on&#8220; button_text_size=&#8220;18px&#8220; button_text_color=&#8220;#5A7683&#8243; button_bg_color=&#8220;#FFD700&#8243; button_border_width=&#8220;1px&#8220; button_border_color=&#8220;#FFD700&#8243; button_font=&#8220;Univers 65 Bold||||||||&#8220; button_icon=&#8220;&#x24;||divi||400&#8243; custom_padding=&#8220;5px||1px||false|false&#8220; global_colors_info=&#8220;{}&#8220; button_text_color__hover_enabled=&#8220;on|desktop&#8220; button_text_color__hover=&#8220;#FFD700&#8243; button_bg_color__hover_enabled=&#8220;on|desktop&#8220; button_bg_color__hover=&#8220;#5A7683&#8243; button_bg_enable_color__hover=&#8220;on&#8220; button_border_color__hover_enabled=&#8220;on|desktop&#8220; button_border_color__hover=&#8220;#5A7683&#8243;][\/et_pb_button][\/et_pb_column][\/et_pb_row][\/et_pb_section]<\/p>\n","protected":false},"excerpt":{"rendered":"<p>Wir haben deine Anfrage erhalten und werden uns so rasch wie m\u00f6glich bei dir melden.Wir freuen uns, dich in der Backpackers Villa in Interlaken begr\u00fcssen zu d\u00fcrfen.<\/p>\n","protected":false},"author":1,"featured_media":0,"parent":0,"menu_order":0,"comment_status":"closed","ping_status":"closed","template":"","meta":{"_et_pb_use_builder":"on","_et_pb_old_content":"","_et_gb_content_width":"","footnotes":""},"class_list":["post-2337","page","type-page","status-publish","hentry"],"_links":{"self":[{"href":"https:\/\/villa.ch\/de\/wp-json\/wp\/v2\/pages\/2337","targetHints":{"allow":["GET"]}}],"collection":[{"href":"https:\/\/villa.ch\/de\/wp-json\/wp\/v2\/pages"}],"about":[{"href":"https:\/\/villa.ch\/de\/wp-json\/wp\/v2\/types\/page"}],"author":[{"embeddable":true,"href":"https:\/\/villa.ch\/de\/wp-json\/wp\/v2\/users\/1"}],"replies":[{"embeddable":true,"href":"https:\/\/villa.ch\/de\/wp-json\/wp\/v2\/comments?post=2337"}],"version-history":[{"count":5,"href":"https:\/\/villa.ch\/de\/wp-json\/wp\/v2\/pages\/2337\/revisions"}],"predecessor-version":[{"id":2716,"href":"https:\/\/villa.ch\/de\/wp-json\/wp\/v2\/pages\/2337\/revisions\/2716"}],"wp:attachment":[{"href":"https:\/\/villa.ch\/de\/wp-json\/wp\/v2\/media?parent=2337"}],"curies":[{"name":"wp","href":"https:\/\/api.w.org\/{rel}","templated":true}]}}