{"id":19,"date":"2025-03-04T07:06:51","date_gmt":"2025-03-04T07:06:51","guid":{"rendered":"http:\/\/epmapewbk.cyon.link\/?page_id=19"},"modified":"2026-03-04T09:57:00","modified_gmt":"2026-03-04T08:57:00","slug":"gruppen","status":"publish","type":"page","link":"https:\/\/villa.ch\/de\/gruppen\/","title":{"rendered":"Gruppen"},"content":{"rendered":"<p>[et_pb_section fb_built=&#8220;1&#8243; _builder_version=&#8220;4.27.4&#8243; _module_preset=&#8220;default&#8220; background_enable_image=&#8220;off&#8220; background_enable_video_mp4=&#8220;off&#8220; width=&#8220;100%&#8220; max_width=&#8220;100%&#8220; module_alignment=&#8220;center&#8220; height=&#8220;80vh&#8220; height_tablet=&#8220;60vh&#8220; height_phone=&#8220;50vh&#8220; height_last_edited=&#8220;on|phone&#8220; max_height=&#8220;80vh&#8220; max_height_tablet=&#8220;60vh&#8220; max_height_phone=&#8220;50vh&#8220; max_height_last_edited=&#8220;on|desktop&#8220; custom_margin=&#8220;0px|0px|0px|0px|true|true&#8220; custom_padding=&#8220;0px|0px|0px|0px|true|true&#8220; locked=&#8220;off&#8220; global_colors_info=&#8220;{}&#8220;][et_pb_row _builder_version=&#8220;4.27.4&#8243; _module_preset=&#8220;default&#8220; width=&#8220;100%&#8220; max_width=&#8220;100%&#8220; height=&#8220;80vh&#8220; height_tablet=&#8220;60vh&#8220; height_phone=&#8220;50vh&#8220; height_last_edited=&#8220;on|phone&#8220; max_height=&#8220;80vh&#8220; max_height_tablet=&#8220;60vh&#8220; max_height_phone=&#8220;50vh&#8220; max_height_last_edited=&#8220;on|desktop&#8220; custom_padding=&#8220;0px||0px||true|false&#8220; global_colors_info=&#8220;{}&#8220;][et_pb_column type=&#8220;4_4&#8243; _builder_version=&#8220;4.27.4&#8243; _module_preset=&#8220;default&#8220; global_colors_info=&#8220;{}&#8220;][et_pb_slider show_arrows=&#8220;off&#8220; show_pagination=&#8220;off&#8220; use_bg_overlay=&#8220;on&#8220; bg_overlay_color=&#8220;rgba(0,0,0,0.35)&#8220; module_class=&#8220;zoom-villa-slider&#8220; _builder_version=&#8220;4.27.6&#8243; _module_preset=&#8220;default&#8220; height=&#8220;80vh&#8220; height_tablet=&#8220;60vh&#8220; height_phone=&#8220;50vh&#8220; height_last_edited=&#8220;on|phone&#8220; max_height=&#8220;80vh&#8220; max_height_tablet=&#8220;60vh&#8220; max_height_phone=&#8220;50vh&#8220; max_height_last_edited=&#8220;on|desktop&#8220; auto=&#8220;on&#8220; auto_speed=&#8220;5000&#8243; auto_ignore_hover=&#8220;on&#8220; hover_enabled=&#8220;0&#8243; global_colors_info=&#8220;{}&#8220; sticky_enabled=&#8220;0&#8243;][et_pb_slide _builder_version=&#8220;4.27.4&#8243; _module_preset=&#8220;default&#8220; background_enable_color=&#8220;off&#8220; background_image=&#8220;https:\/\/villa.ch\/wp-content\/uploads\/2025\/11\/backpackers-villa-eingangsbereich-2.jpg&#8220; background_enable_image=&#8220;on&#8220; background_enable_video_mp4=&#8220;off&#8220; global_colors_info=&#8220;{}&#8220; sticky_transition=&#8220;on&#8220;][\/et_pb_slide][et_pb_slide _builder_version=&#8220;4.27.4&#8243; _module_preset=&#8220;default&#8220; background_enable_color=&#8220;off&#8220; background_image=&#8220;https:\/\/villa.ch\/wp-content\/uploads\/2025\/11\/backpackers-villa-gruppenraum-1.jpg&#8220; background_enable_image=&#8220;on&#8220; global_colors_info=&#8220;{}&#8220; sticky_transition=&#8220;on&#8220;][\/et_pb_slide][et_pb_slide _builder_version=&#8220;4.27.4&#8243; _module_preset=&#8220;default&#8220; background_enable_color=&#8220;off&#8220; background_image=&#8220;https:\/\/villa.ch\/wp-content\/uploads\/2025\/11\/backpackers-villa-gruppenraum-2.jpg&#8220; background_enable_image=&#8220;on&#8220; global_colors_info=&#8220;{}&#8220; sticky_transition=&#8220;on&#8220;][\/et_pb_slide][et_pb_slide _builder_version=&#8220;4.27.4&#8243; _module_preset=&#8220;default&#8220; background_enable_color=&#8220;off&#8220; background_image=&#8220;https:\/\/villa.ch\/wp-content\/uploads\/2025\/11\/backpackers-villa-room-6.jpg&#8220; background_enable_image=&#8220;on&#8220; global_colors_info=&#8220;{}&#8220; sticky_transition=&#8220;on&#8220;][\/et_pb_slide][\/et_pb_slider][\/et_pb_column][\/et_pb_row][\/et_pb_section][et_pb_section fb_built=&#8220;1&#8243; module_id=&#8220;rooms&#8220; _builder_version=&#8220;4.27.4&#8243; _module_preset=&#8220;default&#8220; width=&#8220;100%&#8220; max_width=&#8220;100%&#8220; global_colors_info=&#8220;{}&#8220;][et_pb_row _builder_version=&#8220;4.27.4&#8243; _module_preset=&#8220;default&#8220; width=&#8220;90%&#8220; max_width=&#8220;1440px&#8220; custom_padding=&#8220;||27px|||&#8220; global_colors_info=&#8220;{}&#8220;][et_pb_column type=&#8220;4_4&#8243; _builder_version=&#8220;4.27.4&#8243; _module_preset=&#8220;default&#8220; global_colors_info=&#8220;{}&#8220;][et_pb_heading title=&#8220;Gruppen&#8220; _builder_version=&#8220;4.27.4&#8243; _module_preset=&#8220;default&#8220; title_level=&#8220;h2&#8243; title_font=&#8220;Univers 65 Bold||||||||&#8220; title_text_color=&#8220;#5A7683&#8243; title_font_size=&#8220;40px&#8220; custom_margin=&#8220;0px||1%||false|false&#8220; custom_padding=&#8220;0px||0px||false|false&#8220; title_font_size_tablet=&#8220;38px&#8220; title_font_size_phone=&#8220;32px&#8220; title_font_size_last_edited=&#8220;on|desktop&#8220; global_colors_info=&#8220;{}&#8220;][\/et_pb_heading][et_pb_text ul_position=&#8220;inside&#8220; quote_border_color=&#8220;#FFD700&#8243; _builder_version=&#8220;4.27.5&#8243; _module_preset=&#8220;default&#8220; text_font=&#8220;Univers 55 Regular||||||||&#8220; text_text_color=&#8220;#363636&#8243; text_font_size=&#8220;18px&#8220; text_line_height=&#8220;1.4em&#8220; link_font=&#8220;Univers 65 Bold||||on|||#5A7683|solid&#8220; link_text_color=&#8220;#5A7683&#8243; link_font_size=&#8220;18px&#8220; link_line_height=&#8220;1.4em&#8220; ul_text_color=&#8220;#363636&#8243; ul_font_size=&#8220;18px&#8220; ul_line_height=&#8220;1.4em&#8220; ol_text_color=&#8220;#363636&#8243; ol_font_size=&#8220;18px&#8220; ol_line_height=&#8220;1.4em&#8220; quote_text_color=&#8220;#5A7683&#8243; quote_font_size=&#8220;18px&#8220; quote_line_height=&#8220;1.4em&#8220; height_tablet=&#8220;auto&#8220; height_phone=&#8220;auto&#8220; height_last_edited=&#8220;on|phone&#8220; custom_margin=&#8220;0px||||false|false&#8220; custom_padding=&#8220;0px||||false|false&#8220; text_font_size_tablet=&#8220;18px&#8220; text_font_size_phone=&#8220;18px&#8220; text_font_size_last_edited=&#8220;on|desktop&#8220; global_colors_info=&#8220;{}&#8220;]<\/p>\n<p>F\u00fcr Gruppen von drei Zimmern oder ab 16 Personen gelten besondere Konditionen.<\/p>\n<p>Der Mindestaufenthalt betr\u00e4gt zwei \u00dcbernachtungen.<\/p>\n<p>Wir sind ein familienfreundlicher Betrieb und helfen euch gerne, wenn ihr ein paar sch\u00f6ne Familientage mit Freunden oder Verwandten verbringen m\u00f6chtet.<br \/>Wir sind aber kein Partyhostel und auch kein Ort f\u00fcr einen Polterabend. Kinder heissen wir zusammen mit ihren Eltern in unserer &#8222;Villa unter den Herbergen&#8220; herzlich willkommen.<\/p>\n<p>Wenn ihr als Gruppe zu uns kommen wollt, f\u00fcllt bitte das untenstehende Formular aus. Wir melden uns dann umgehend bei euch.<\/p>\n<p>Bitte lasst uns auch wissen, falls ihr eine Kochm\u00f6glichkeit ben\u00f6tigt; unsere Selbstkocherk\u00fcche ist nur f\u00fcr unsere Individualg\u00e4ste vorgesehen.<\/p>\n<p>Wenn ihr Fragen habt oder Hilfe braucht, schreibt uns einfach eine E-Mail an <a href=\"mailto:groups@villa.ch\" target=\"_blank\" rel=\"noopener\">groups@villa.ch<\/a>. Wir sind gerne f\u00fcr euch da!<\/p>\n<p>[\/et_pb_text][\/et_pb_column][\/et_pb_row][\/et_pb_section][et_pb_section fb_built=&#8220;1&#8243; module_id=&#8220;about&#8220; _builder_version=&#8220;4.27.4&#8243; _module_preset=&#8220;default&#8220; width=&#8220;100%&#8220; max_width=&#8220;100%&#8220; global_colors_info=&#8220;{}&#8220;][et_pb_row _builder_version=&#8220;4.27.4&#8243; _module_preset=&#8220;default&#8220; width=&#8220;90%&#8220; max_width=&#8220;1440px&#8220; custom_padding=&#8220;||27px|||&#8220; global_colors_info=&#8220;{}&#8220;][et_pb_column type=&#8220;4_4&#8243; _builder_version=&#8220;4.27.4&#8243; _module_preset=&#8220;default&#8220; global_colors_info=&#8220;{}&#8220;][et_pb_heading title=&#8220;Kontaktformular&#8220; _builder_version=&#8220;4.27.4&#8243; _module_preset=&#8220;default&#8220; title_level=&#8220;h2&#8243; title_font=&#8220;Univers 65 Bold||||||||&#8220; title_text_color=&#8220;#5A7683&#8243; title_font_size=&#8220;40px&#8220; custom_margin=&#8220;0px||1%||false|false&#8220; custom_padding=&#8220;0px||0px||false|false&#8220; title_font_size_tablet=&#8220;38px&#8220; title_font_size_phone=&#8220;32px&#8220; title_font_size_last_edited=&#8220;on|desktop&#8220; global_colors_info=&#8220;{}&#8220;][\/et_pb_heading][et_pb_code _builder_version=&#8220;4.27.5&#8243; _module_preset=&#8220;default&#8220; global_colors_info=&#8220;{}&#8220;]<script><!-- [et_pb_line_break_holder] --><!-- [et_pb_line_break_holder] -->    \/\/ Nur Daten in der Zukunft<!-- [et_pb_line_break_holder] -->gform.addFilter( 'gform_datepicker_options_pre_init', function( optionsObj, formId, fieldId ) {<!-- [et_pb_line_break_holder] -->    if ( formId == 3 && fieldId == 20 ) {<!-- [et_pb_line_break_holder] -->        optionsObj.minDate = 0;<!-- [et_pb_line_break_holder] -->    }<!-- [et_pb_line_break_holder] -->    return optionsObj;<!-- [et_pb_line_break_holder] -->});<!-- [et_pb_line_break_holder] --><!-- [et_pb_line_break_holder] -->     \/\/ Abhaengigkeit von erstem Feld<!-- [et_pb_line_break_holder] -->gform.addFilter( 'gform_datepicker_options_pre_init', function( optionsObj, formId, fieldId ) {<!-- [et_pb_line_break_holder] -->    if ( formId == 3 && fieldId == 20 ) {<!-- [et_pb_line_break_holder] -->        optionsObj.minDate = 0;<!-- [et_pb_line_break_holder] -->        optionsObj.onClose = function (dateText, inst) {<!-- [et_pb_line_break_holder] -->             jQuery('#input_3_13').datepicker('option', 'minDate', dateText).datepicker('setDate', dateText);<!-- [et_pb_line_break_holder] -->        };<!-- [et_pb_line_break_holder] -->    }<!-- [et_pb_line_break_holder] -->    return optionsObj;<!-- [et_pb_line_break_holder] -->});<!-- [et_pb_line_break_holder] --><!-- [et_pb_line_break_holder] --><\/script><!-- [et_pb_line_break_holder] -->[\/et_pb_code][df_gravity_form gravity_forms=&#8220;3&#8243; button_align=&#8220;left&#8220; button_background_bgcolor=&#8220;#FFD700&#8243; btn_icon_color=&#8220;#5A7683&#8243; button_padding=&#8220;8px|12px|8px|12px|false|false&#8220; input_focus_border_color=&#8220;#FFD700&#8243; select_focus_border_color=&#8220;#FFD700&#8243; textarea_focus_border_color=&#8220;#FFD700&#8243; _builder_version=&#8220;4.27.5&#8243; _module_preset=&#8220;default&#8220; form_title_font=&#8220;Univers 55 Regular||||||||&#8220; form_title_text_color=&#8220;#5A7683&#8243; form_title_font_size=&#8220;18px&#8220; form_title_line_height=&#8220;1.4em&#8220; label_font=&#8220;Univers 65 Bold||||||||&#8220; label_text_color=&#8220;#363636&#8243; label_font_size=&#8220;18px&#8220; label_line_height=&#8220;1.4em&#8220; sub-label_font=&#8220;Univers 55 Regular||||||||&#8220; sub-label_text_color=&#8220;#363636&#8243; sub-label_font_size=&#8220;18px&#8220; sub-label_line_height=&#8220;1.4em&#8220; description_font=&#8220;Univers 55 Regular||||||||&#8220; description_text_color=&#8220;#5A7683&#8243; description_font_size=&#8220;18px&#8220; description_line_height=&#8220;1.4em&#8220; warning_text_font=&#8220;Univers 55 Regular||||||||&#8220; warning_text_font_size=&#8220;18px&#8220; warning_text_line_height=&#8220;1.4em&#8220; input_font=&#8220;Univers 55 Regular||||||||&#8220; input_text_color=&#8220;#000000&#8243; input_font_size=&#8220;18px&#8220; select_text_color=&#8220;#000000&#8243; select_font_size=&#8220;18px&#8220; textarea_font=&#8220;Univers 55 Regular||||||||&#8220; textarea_text_color=&#8220;#000000&#8243; textarea_font_size=&#8220;18px&#8220; button_font=&#8220;Univers 65 Bold||||||||&#8220; button_text_color=&#8220;#5A7683&#8243; button_font_size=&#8220;18px&#8220; button_line_height=&#8220;1.4em&#8220; section_title_font=&#8220;Univers 65 Bold||||||||&#8220; section_title_text_color=&#8220;#5A7683&#8243; section_title_line_height=&#8220;1.4em&#8220; required_text_font=&#8220;Univers 65 Bold||||||||&#8220; border_radii_button=&#8220;on|4px|4px|4px|4px&#8220; border_color_all_button=&#8220;#FFD700&#8243; global_colors_info=&#8220;{}&#8220;][\/df_gravity_form][\/et_pb_column][\/et_pb_row][\/et_pb_section]<\/p>\n","protected":false},"excerpt":{"rendered":"<p>F\u00fcr Gruppen von drei Zimmern oder ab 16 Personen gelten besondere Konditionen. Der Mindestaufenthalt betr\u00e4gt zwei \u00dcbernachtungen. Wir sind ein familienfreundlicher Betrieb und helfen euch gerne, wenn ihr ein paar sch\u00f6ne Familientage mit Freunden oder Verwandten verbringen m\u00f6chtet.Wir sind aber kein Partyhostel und auch kein Ort f\u00fcr einen Polterabend. Kinder heissen wir zusammen mit ihren [&hellip;]<\/p>\n","protected":false},"author":1,"featured_media":0,"parent":0,"menu_order":0,"comment_status":"closed","ping_status":"closed","template":"","meta":{"_et_pb_use_builder":"on","_et_pb_old_content":"","_et_gb_content_width":"","footnotes":""},"class_list":["post-19","page","type-page","status-publish","hentry"],"_links":{"self":[{"href":"https:\/\/villa.ch\/de\/wp-json\/wp\/v2\/pages\/19","targetHints":{"allow":["GET"]}}],"collection":[{"href":"https:\/\/villa.ch\/de\/wp-json\/wp\/v2\/pages"}],"about":[{"href":"https:\/\/villa.ch\/de\/wp-json\/wp\/v2\/types\/page"}],"author":[{"embeddable":true,"href":"https:\/\/villa.ch\/de\/wp-json\/wp\/v2\/users\/1"}],"replies":[{"embeddable":true,"href":"https:\/\/villa.ch\/de\/wp-json\/wp\/v2\/comments?post=19"}],"version-history":[{"count":28,"href":"https:\/\/villa.ch\/de\/wp-json\/wp\/v2\/pages\/19\/revisions"}],"predecessor-version":[{"id":2616,"href":"https:\/\/villa.ch\/de\/wp-json\/wp\/v2\/pages\/19\/revisions\/2616"}],"wp:attachment":[{"href":"https:\/\/villa.ch\/de\/wp-json\/wp\/v2\/media?parent=19"}],"curies":[{"name":"wp","href":"https:\/\/api.w.org\/{rel}","templated":true}]}}