{"id":1212,"date":"2025-08-08T13:58:29","date_gmt":"2025-08-08T13:58:29","guid":{"rendered":"http:\/\/epmapewbk.cyon.link\/?page_id=1212"},"modified":"2026-01-20T13:48:12","modified_gmt":"2026-01-20T13:48:12","slug":"halbpension","status":"publish","type":"page","link":"https:\/\/villa.ch\/de\/halbpension\/","title":{"rendered":"Halbpension"},"content":{"rendered":"<p>[et_pb_section fb_built=&#8220;1&#8243; _builder_version=&#8220;4.27.4&#8243; _module_preset=&#8220;default&#8220; background_image=&#8220;https:\/\/villa.ch\/wp-content\/uploads\/2025\/08\/Restaurant-Eigergletscher-Kaeseschnitte-Grindelwald.jpg&#8220; background_position=&#8220;bottom_center&#8220; background_vertical_offset=&#8220;50%&#8220; width=&#8220;100%&#8220; max_width=&#8220;100%&#8220; module_alignment=&#8220;center&#8220; min_height=&#8220;60vh&#8220; max_height=&#8220;60vh&#8220; custom_margin=&#8220;0px|0px|0px|0px|true|true&#8220; custom_padding=&#8220;0px|0px|0px|0px|true|true&#8220; global_colors_info=&#8220;{}&#8220;][et_pb_row disabled_on=&#8220;on|on|off&#8220; admin_label=&#8220;Button Booking&#8220; module_class=&#8220;icons-inline&#8220; _builder_version=&#8220;4.27.4&#8243; _module_preset=&#8220;default&#8220; background_color=&#8220;#FFD700&#8243; position_origin_a=&#8220;center_right&#8220; z_index=&#8220;500&#8243; width=&#8220;13%&#8220; max_width=&#8220;13%&#8220; module_alignment=&#8220;right&#8220; overflow-y=&#8220;scroll&#8220; custom_margin=&#8220;0px|0px|0px||false|false&#8220; custom_padding=&#8220;5px|0px|5px||false|false&#8220; sticky_position=&#8220;top&#8220; sticky_offset_top=&#8220;40%&#8220; custom_css_main_element=&#8220;justify-content: flex-end;&#8220; border_radii=&#8220;off|4px|||4px&#8220; border_color_all=&#8220;#FFD700&#8243; saved_tabs=&#8220;all&#8220; locked=&#8220;off&#8220; global_colors_info=&#8220;{}&#8220;][et_pb_column type=&#8220;4_4&#8243; _builder_version=&#8220;4.27.4&#8243; _module_preset=&#8220;default&#8220; global_colors_info=&#8220;{}&#8220;][et_pb_button button_url=&#8220;https:\/\/villa.ch\/buchen\/&#8220; button_text=&#8220;Jetzt buchen&#8220; button_alignment=&#8220;left&#8220; _builder_version=&#8220;4.27.4&#8243; _module_preset=&#8220;default&#8220; custom_button=&#8220;on&#8220; button_text_size=&#8220;24px&#8220; button_text_color=&#8220;#5A7683&#8243; button_bg_color=&#8220;#FFD700&#8243; button_border_width=&#8220;0px&#8220; button_border_radius=&#8220;0px&#8220; button_font=&#8220;Univers 65 Bold||||||||&#8220; button_icon=&#8220;&#xe07e;||divi||400&#8243; button_icon_color=&#8220;#5A7683&#8243; custom_margin=&#8220;2px||||false|false&#8220; custom_padding=&#8220;||||false|false&#8220; global_colors_info=&#8220;{}&#8220; button_bg_color__hover_enabled=&#8220;on|desktop&#8220; button_icon_color__hover_enabled=&#8220;on|desktop&#8220; button_bg_color__hover=&#8220;#FFD700&#8243; button_bg_enable_color__hover=&#8220;on&#8220; button_icon_color__hover=&#8220;#5A7683&#8243;][\/et_pb_button][\/et_pb_column][\/et_pb_row][\/et_pb_section][et_pb_section fb_built=&#8220;1&#8243; module_id=&#8220;rooms&#8220; _builder_version=&#8220;4.27.4&#8243; _module_preset=&#8220;default&#8220; width=&#8220;100%&#8220; max_width=&#8220;100%&#8220; global_colors_info=&#8220;{}&#8220;][et_pb_row _builder_version=&#8220;4.27.4&#8243; _module_preset=&#8220;default&#8220; width=&#8220;90%&#8220; max_width=&#8220;1440px&#8220; custom_padding=&#8220;||27px|||&#8220; global_colors_info=&#8220;{}&#8220;][et_pb_column type=&#8220;4_4&#8243; _builder_version=&#8220;4.27.4&#8243; _module_preset=&#8220;default&#8220; global_colors_info=&#8220;{}&#8220;][et_pb_heading title=&#8220;Halbpension&#8220; _builder_version=&#8220;4.27.4&#8243; _module_preset=&#8220;default&#8220; title_level=&#8220;h2&#8243; title_font=&#8220;Univers 65 Bold||||||||&#8220; title_text_color=&#8220;#5A7683&#8243; title_font_size=&#8220;40px&#8220; custom_margin=&#8220;0px||1%||false|false&#8220; custom_padding=&#8220;0px||0px||false|false&#8220; title_font_size_tablet=&#8220;38px&#8220; title_font_size_phone=&#8220;32px&#8220; title_font_size_last_edited=&#8220;on|desktop&#8220; global_colors_info=&#8220;{}&#8220;][\/et_pb_heading][et_pb_text ul_position=&#8220;inside&#8220; quote_border_color=&#8220;#FFD700&#8243; _builder_version=&#8220;4.27.5&#8243; _module_preset=&#8220;default&#8220; text_font=&#8220;Univers 55 Regular||||||||&#8220; text_text_color=&#8220;#363636&#8243; text_font_size=&#8220;18px&#8220; text_line_height=&#8220;1.4em&#8220; link_font=&#8220;Univers 65 Bold||||on|||#5A7683|solid&#8220; link_text_color=&#8220;#5A7683&#8243; link_font_size=&#8220;18px&#8220; link_line_height=&#8220;1.4em&#8220; ul_text_color=&#8220;#363636&#8243; ul_font_size=&#8220;18px&#8220; ul_line_height=&#8220;1.4em&#8220; ol_text_color=&#8220;#363636&#8243; ol_font_size=&#8220;18px&#8220; ol_line_height=&#8220;1.4em&#8220; quote_text_color=&#8220;#5A7683&#8243; quote_font_size=&#8220;18px&#8220; quote_line_height=&#8220;1.4em&#8220; height_tablet=&#8220;auto&#8220; height_phone=&#8220;auto&#8220; height_last_edited=&#8220;on|phone&#8220; custom_margin=&#8220;0px||||false|false&#8220; custom_padding=&#8220;0px||||false|false&#8220; hover_enabled=&#8220;0&#8243; text_font_size_tablet=&#8220;18px&#8220; text_font_size_phone=&#8220;18px&#8220; text_font_size_last_edited=&#8220;on|desktop&#8220; global_colors_info=&#8220;{}&#8220; sticky_enabled=&#8220;0&#8243;]<\/p>\n<p>Wir arbeiten mit zwei Partner-Restaurants zusammen, wo ihr f\u00fcr CHF 27.- pro Person ein Men\u00fc inkl. eines kleinen Getr\u00e4nks bekommt.<\/p>\n<p>Ihr k\u00f6nnt zwischen dem Schweizer Restaurant Hirschen oder dem Italiener &#8222;Tenne&#8220; w\u00e4hlen. Beide Restaurants sind in wenigen Minuten zu Fuss von der Backpackers Villa erreichbar.<\/p>\n<p>Bitte bucht an unserer Reception. Vor Ort in den Restaurants ist dieses Angebot nicht erh\u00e4ltlich.<\/p>\n<p>[\/et_pb_text][\/et_pb_column][\/et_pb_row][\/et_pb_section][et_pb_section fb_built=&#8220;1&#8243; module_id=&#8220;interlaken&#8220; _builder_version=&#8220;4.27.4&#8243; _module_preset=&#8220;default&#8220; width=&#8220;100%&#8220; max_width=&#8220;100%&#8220; global_colors_info=&#8220;{}&#8220;][et_pb_row column_structure=&#8220;1_2,1_2&#8243; module_class=&#8220;icons-inline&#8220; _builder_version=&#8220;4.27.4&#8243; _module_preset=&#8220;default&#8220; width=&#8220;90%&#8220; max_width=&#8220;1440px&#8220; custom_padding=&#8220;||27px|||&#8220; locked=&#8220;off&#8220; global_colors_info=&#8220;{}&#8220;][et_pb_column type=&#8220;1_2&#8243; _builder_version=&#8220;4.27.4&#8243; _module_preset=&#8220;default&#8220; global_colors_info=&#8220;{}&#8220;][et_pb_image src=&#8220;https:\/\/villa.ch\/wp-content\/uploads\/2026\/01\/igor-ovsyannykov-458023-unsplash.jpg.jpg&#8220; title_text=&#8220;igor-ovsyannykov-458023-unsplash.jpg&#8220; module_class=&#8220;pa-image-3-2&#8243; _builder_version=&#8220;4.27.5&#8243; _module_preset=&#8220;default&#8220; hover_enabled=&#8220;0&#8243; global_colors_info=&#8220;{}&#8220; alt=&#8220;Pizza&#8220; sticky_enabled=&#8220;0&#8243;][\/et_pb_image][et_pb_heading title=&#8220;Pizzeria Tenne&#8220; _builder_version=&#8220;4.27.5&#8243; _module_preset=&#8220;default&#8220; title_level=&#8220;h3&#8243; title_font=&#8220;Univers 65 Bold||||||||&#8220; title_text_color=&#8220;#5A7683&#8243; title_font_size=&#8220;32px&#8220; title_line_height=&#8220;1.41em&#8220; custom_margin=&#8220;||0px||false|false&#8220; custom_padding=&#8220;||0px||false|false&#8220; hover_enabled=&#8220;0&#8243; title_font_size_tablet=&#8220;30px&#8220; title_font_size_phone=&#8220;28px&#8220; title_font_size_last_edited=&#8220;on|desktop&#8220; locked=&#8220;off&#8220; global_colors_info=&#8220;{}&#8220; sticky_enabled=&#8220;0&#8243;][\/et_pb_heading][et_pb_text ul_position=&#8220;inside&#8220; quote_border_color=&#8220;#FFD700&#8243; _builder_version=&#8220;4.27.5&#8243; _module_preset=&#8220;default&#8220; text_font=&#8220;Univers 55 Regular||||||||&#8220; text_text_color=&#8220;#363636&#8243; text_font_size=&#8220;18px&#8220; text_line_height=&#8220;1.4em&#8220; link_font=&#8220;Univers 65 Bold||||on|||#5A7683|solid&#8220; link_text_color=&#8220;#5A7683&#8243; link_font_size=&#8220;18px&#8220; link_line_height=&#8220;1.4em&#8220; ul_text_color=&#8220;#363636&#8243; ul_font_size=&#8220;18px&#8220; ul_line_height=&#8220;1.4em&#8220; ol_text_color=&#8220;#363636&#8243; ol_font_size=&#8220;18px&#8220; ol_line_height=&#8220;1.4em&#8220; quote_text_color=&#8220;#5A7683&#8243; quote_font_size=&#8220;18px&#8220; quote_line_height=&#8220;1.4em&#8220; height_tablet=&#8220;auto&#8220; height_phone=&#8220;auto&#8220; height_last_edited=&#8220;on|phone&#8220; custom_margin=&#8220;0px||||false|false&#8220; custom_padding=&#8220;0px||||false|false&#8220; hover_enabled=&#8220;0&#8243; text_font_size_tablet=&#8220;18px&#8220; text_font_size_phone=&#8220;18px&#8220; text_font_size_last_edited=&#8220;on|desktop&#8220; global_colors_info=&#8220;{}&#8220; sticky_enabled=&#8220;0&#8243;]<\/p>\n<p><strong>HP-Auswahlmen\u00fc f\u00fcr CHF 27.-<\/strong> (inkl. einem kleinen Getr\u00e4nk alkoholfrei)<br \/>buche und bezahle in der Backpackers Villa<\/p>\n<p>Vorspeisensalat<br \/>* * *<br \/><strong>6 verschiedene Pizzen zur Auswahl:<\/strong> Margherita, Napoletana, Prosciutto, Funghi, Hawaii oder Solitario<br \/>(zur Erkl\u00e4rung: Napoletana: Tomatensauce, Mozzarella, Sardinen, Kapern, Oregano; Solitario: Tomatensauce, Mozzarella, schwarze Oliven, scharfes \u00d6l, Knoblauch, Oregano)<br \/>oder <strong>3 verschiedene Arten Pasta und Saucen zur Auswahl:<\/strong> Penne, Spaghetti oder Linguine all&#8216; Arrabiata, alla Carbonara oder alla Bolognese<br \/>* * *<\/p>\n<p><strong>Dessert zum Spezialpreis von CHF 5.-<\/strong><br \/>Kleines Tiramisu oder Profiteroles<\/p>\n<p>[\/et_pb_text][\/et_pb_column][et_pb_column type=&#8220;1_2&#8243; _builder_version=&#8220;4.27.4&#8243; _module_preset=&#8220;default&#8220; global_colors_info=&#8220;{}&#8220;][et_pb_image src=&#8220;https:\/\/villa.ch\/wp-content\/uploads\/2026\/01\/Hirschen0233.jpg.jpg&#8220; title_text=&#8220;Hirschen0233.jpg&#8220; module_class=&#8220;pa-image-3-2&#8243; _builder_version=&#8220;4.27.5&#8243; _module_preset=&#8220;default&#8220; hover_enabled=&#8220;0&#8243; global_colors_info=&#8220;{}&#8220; sticky_enabled=&#8220;0&#8243;][\/et_pb_image][et_pb_heading title=&#8220;Landgasthof Hirschen&#8220; _builder_version=&#8220;4.27.5&#8243; _module_preset=&#8220;default&#8220; title_level=&#8220;h3&#8243; title_font=&#8220;Univers 65 Bold||||||||&#8220; title_text_color=&#8220;#5A7683&#8243; title_font_size=&#8220;32px&#8220; title_line_height=&#8220;1.41em&#8220; custom_margin=&#8220;||0px||false|false&#8220; custom_padding=&#8220;||0px||false|false&#8220; hover_enabled=&#8220;0&#8243; title_font_size_tablet=&#8220;30px&#8220; title_font_size_phone=&#8220;28px&#8220; title_font_size_last_edited=&#8220;on|desktop&#8220; locked=&#8220;off&#8220; global_colors_info=&#8220;{}&#8220; sticky_enabled=&#8220;0&#8243;][\/et_pb_heading][et_pb_text ul_position=&#8220;inside&#8220; quote_border_color=&#8220;#FFD700&#8243; _builder_version=&#8220;4.27.5&#8243; _module_preset=&#8220;default&#8220; text_font=&#8220;Univers 55 Regular||||||||&#8220; text_text_color=&#8220;#363636&#8243; text_font_size=&#8220;18px&#8220; text_line_height=&#8220;1.4em&#8220; link_font=&#8220;Univers 65 Bold||||on|||#5A7683|solid&#8220; link_text_color=&#8220;#5A7683&#8243; link_font_size=&#8220;18px&#8220; link_line_height=&#8220;1.4em&#8220; ul_text_color=&#8220;#363636&#8243; ul_font_size=&#8220;18px&#8220; ul_line_height=&#8220;1.4em&#8220; ol_text_color=&#8220;#363636&#8243; ol_font_size=&#8220;18px&#8220; ol_line_height=&#8220;1.4em&#8220; quote_text_color=&#8220;#5A7683&#8243; quote_font_size=&#8220;18px&#8220; quote_line_height=&#8220;1.4em&#8220; height_tablet=&#8220;auto&#8220; height_phone=&#8220;auto&#8220; height_last_edited=&#8220;on|phone&#8220; custom_margin=&#8220;0px||||false|false&#8220; custom_padding=&#8220;0px||||false|false&#8220; hover_enabled=&#8220;0&#8243; text_font_size_tablet=&#8220;18px&#8220; text_font_size_phone=&#8220;18px&#8220; text_font_size_last_edited=&#8220;on|desktop&#8220; global_colors_info=&#8220;{}&#8220; sticky_enabled=&#8220;0&#8243;]<\/p>\n<p><b>HP-Auswahlmen\u00fc f\u00fcr CHF 27.-<\/b><span>\u00a0(inkl. einem kleinen Getr\u00e4nk alkoholfrei)<\/span><br \/><span>buche und bezahle in der Backpackers Villa<\/span><\/p>\n<p><span>Vorspeise: Portion Raclette oder<\/span><br \/><span>Tagessuppe oder<\/span><br \/><span>kleiner gemischter Salat<\/span><b><br \/>* * *<\/b><br \/><span>Hauptgang: Rahmschweinsschnitzel mit Nudeln oder<\/span><br \/><span>Riz Casimir: Pouletgeschnetzeltes mit Reis, Currysauce und Fr\u00fcchten oder<\/span><br \/><span>Walliser R\u00f6sti (vegetarisch): hausgemachte, frische R\u00f6sti mit Tomaten, Kr\u00e4uter und Raclettek\u00e4se \u00fcberbacken<\/span><br \/><b>* * *<\/b><\/p>\n<p><b>Dessert zum Spezialpreis von CHF 5.-<\/b><br \/><span>Kleines Tobleronemousse oder 1 Kugel Eis nach Wahl mit Rahm<\/span><\/p>\n<p>[\/et_pb_text][\/et_pb_column][\/et_pb_row][\/et_pb_section]<\/p>\n","protected":false},"excerpt":{"rendered":"<p>Wir arbeiten mit zwei Partner-Restaurants zusammen, wo ihr f\u00fcr CHF 27.- pro Person ein Men\u00fc inkl. eines kleinen Getr\u00e4nks bekommt. Ihr k\u00f6nnt zwischen dem Schweizer Restaurant Hirschen oder dem Italiener &#8222;Tenne&#8220; w\u00e4hlen. Beide Restaurants sind in wenigen Minuten zu Fuss von der Backpackers Villa erreichbar. Bitte bucht an unserer Reception. Vor Ort in den Restaurants [&hellip;]<\/p>\n","protected":false},"author":1,"featured_media":0,"parent":0,"menu_order":0,"comment_status":"closed","ping_status":"closed","template":"","meta":{"_et_pb_use_builder":"on","_et_pb_old_content":"","_et_gb_content_width":"","footnotes":""},"class_list":["post-1212","page","type-page","status-publish","hentry"],"_links":{"self":[{"href":"https:\/\/villa.ch\/de\/wp-json\/wp\/v2\/pages\/1212","targetHints":{"allow":["GET"]}}],"collection":[{"href":"https:\/\/villa.ch\/de\/wp-json\/wp\/v2\/pages"}],"about":[{"href":"https:\/\/villa.ch\/de\/wp-json\/wp\/v2\/types\/page"}],"author":[{"embeddable":true,"href":"https:\/\/villa.ch\/de\/wp-json\/wp\/v2\/users\/1"}],"replies":[{"embeddable":true,"href":"https:\/\/villa.ch\/de\/wp-json\/wp\/v2\/comments?post=1212"}],"version-history":[{"count":5,"href":"https:\/\/villa.ch\/de\/wp-json\/wp\/v2\/pages\/1212\/revisions"}],"predecessor-version":[{"id":2157,"href":"https:\/\/villa.ch\/de\/wp-json\/wp\/v2\/pages\/1212\/revisions\/2157"}],"wp:attachment":[{"href":"https:\/\/villa.ch\/de\/wp-json\/wp\/v2\/media?parent=1212"}],"curies":[{"name":"wp","href":"https:\/\/api.w.org\/{rel}","templated":true}]}}